{"id":21,"date":"2025-02-14T20:15:44","date_gmt":"2025-02-14T19:15:44","guid":{"rendered":"https:\/\/mambulledeveil.wordpress.com\/?page_id=21"},"modified":"2025-03-10T15:45:33","modified_gmt":"2025-03-10T14:45:33","slug":"contact","status":"publish","type":"page","link":"https:\/\/mambulledeveillabruffiere.fr\/index.php\/contact\/","title":{"rendered":"Contact MAM \u00ab\u00a0Bulle d&rsquo;Eveil\u00a0\u00bb \u00e0 la Bruffi\u00e8re"},"content":{"rendered":"\n<h4 class=\"wp-block-heading\">Pour tous renseignements ou toutes demandes d&rsquo;inscription<\/h4>\n\n\n\n<div class=\"wp-block-group alignfull is-layout-constrained wp-block-group-is-layout-constrained\" style=\"padding-top:var(--wp--preset--spacing--50);padding-bottom:var(--wp--preset--spacing--50)\">\n<div class=\"wp-block-columns alignwide is-layout-flex wp-container-core-columns-is-layout-ea69a204 wp-block-columns-is-layout-flex\">\n<div class=\"wp-block-column is-layout-flow wp-container-core-column-is-layout-22223934 wp-block-column-is-layout-flow\" style=\"flex-basis:50%\">\n<figure class=\"wp-block-image size-full is-resized\"><img loading=\"lazy\" decoding=\"async\" width=\"2048\" height=\"1358\" src=\"http:\/\/mambulledeveillabruffiere.fr\/wp-content\/uploads\/2025\/02\/mam_logo.jpg\" alt=\"logo MAM La Bruffiere\" class=\"wp-image-35\" style=\"width:365px;height:auto\" title=\"logo MAM La Bruffiere\" srcset=\"https:\/\/mambulledeveillabruffiere.fr\/wp-content\/uploads\/2025\/02\/mam_logo.jpg 2048w, https:\/\/mambulledeveillabruffiere.fr\/wp-content\/uploads\/2025\/02\/mam_logo-300x199.jpg 300w, https:\/\/mambulledeveillabruffiere.fr\/wp-content\/uploads\/2025\/02\/mam_logo-1024x679.jpg 1024w, https:\/\/mambulledeveillabruffiere.fr\/wp-content\/uploads\/2025\/02\/mam_logo-768x509.jpg 768w, https:\/\/mambulledeveillabruffiere.fr\/wp-content\/uploads\/2025\/02\/mam_logo-1536x1019.jpg 1536w\" sizes=\"auto, (max-width: 2048px) 100vw, 2048px\" \/><\/figure>\n<\/div>\n\n\n\n<div class=\"wp-block-column is-layout-flow wp-block-column-is-layout-flow\" style=\"flex-basis:50%\">\n<p>N&rsquo;h\u00e9sitez pas \u00e0 nous contacter !<\/p>\n\n\n\n<p>par email : <a href=\"mailto:mambulledeveil85@gmail.com\"><em>mambulledeveil85@gmail.com<\/em><\/a><\/p>\n\n\n\n<p>par t\u00e9l\u00e9phone : 06 49 66 31 98<\/p>\n\n\n\n<p>nous retrouver sur place : <br>6 <a href=\"https:\/\/g.co\/kgs\/71SpKhm\" target=\"_blank\" rel=\"noreferrer noopener\">rue de la Petite Bretonni\u00e8re, La Bruffi\u00e8re, France<\/a><\/p>\n<\/div>\n<\/div>\n\n\n\n<div style=\"height:var(--wp--preset--spacing--20)\" aria-hidden=\"true\" class=\"wp-block-spacer\"><\/div>\n\n\n\n<div class=\"wp-block-group alignfull has-background-color has-foreground-background-color has-text-color has-background has-link-color wp-elements-25f37f89e068ed47e4da294e5e4bbe7a is-layout-flow wp-block-group-is-layout-flow\" style=\"padding-top:0;padding-right:var(--wp--preset--spacing--40);padding-bottom:0;padding-left:var(--wp--preset--spacing--40)\"><\/div>\n<\/div>\n\n\n\n<p><\/p>\n","protected":false},"excerpt":{"rendered":"<p>Pour tous renseignements ou toutes demandes d&rsquo;inscription N&rsquo;h\u00e9sitez pas \u00e0 nous contacter ! par email : mambulledeveil85@gmail.com par t\u00e9l\u00e9phone : 06 49 66 31 98 nous retrouver sur place : 6 rue de la Petite Bretonni\u00e8re, La Bruffi\u00e8re, France<\/p>\n","protected":false},"author":1,"featured_media":0,"parent":0,"menu_order":6,"comment_status":"closed","ping_status":"closed","template":"","meta":{"footnotes":""},"class_list":["post-21","page","type-page","status-publish","hentry"],"aioseo_notices":[],"_links":{"self":[{"href":"https:\/\/mambulledeveillabruffiere.fr\/index.php\/wp-json\/wp\/v2\/pages\/21","targetHints":{"allow":["GET"]}}],"collection":[{"href":"https:\/\/mambulledeveillabruffiere.fr\/index.php\/wp-json\/wp\/v2\/pages"}],"about":[{"href":"https:\/\/mambulledeveillabruffiere.fr\/index.php\/wp-json\/wp\/v2\/types\/page"}],"author":[{"embeddable":true,"href":"https:\/\/mambulledeveillabruffiere.fr\/index.php\/wp-json\/wp\/v2\/users\/1"}],"replies":[{"embeddable":true,"href":"https:\/\/mambulledeveillabruffiere.fr\/index.php\/wp-json\/wp\/v2\/comments?post=21"}],"version-history":[{"count":17,"href":"https:\/\/mambulledeveillabruffiere.fr\/index.php\/wp-json\/wp\/v2\/pages\/21\/revisions"}],"predecessor-version":[{"id":220,"href":"https:\/\/mambulledeveillabruffiere.fr\/index.php\/wp-json\/wp\/v2\/pages\/21\/revisions\/220"}],"wp:attachment":[{"href":"https:\/\/mambulledeveillabruffiere.fr\/index.php\/wp-json\/wp\/v2\/media?parent=21"}],"curies":[{"name":"wp","href":"https:\/\/api.w.org\/{rel}","templated":true}]}}